{"id":97362,"date":"2025-11-04T23:40:09","date_gmt":"2025-11-04T23:40:09","guid":{"rendered":"https:\/\/promis.ro\/product\/liena\/"},"modified":"2025-11-11T18:11:41","modified_gmt":"2025-11-11T18:11:41","slug":"liena","status":"publish","type":"product","link":"https:\/\/promis.ro\/ro\/produs\/liena\/","title":{"rendered":"Liena"},"content":{"rendered":"<p>Jug izolat cu capacitate de 1.2 L. Fabricat din o\u021bel inoxidabil reciclat. Dispune de un sistem dual de b\u0103ut: cioc cu \u00eenchidere hermetic\u0103 \u0219i pai integrat, adapt\u00e2ndu-se preferin\u021belor utilizatorului. Include un m\u00e2ner ergonomic din PP pentru un confort sporit. F\u0103r\u0103 BPA. Include emblem\u0103 din o\u021bel inoxidabil reciclat. O\u021belul este unul dintre cele mai solicitate materiale \u0219i poate fi g\u0103sit aproape peste tot, de la produse de zi cu zi p\u00e2n\u0103 la construc\u021bii mari. Cu nenum\u0103rate propriet\u0103\u021bi, printre care durabilitatea \u0219i gradul s\u0103u ridicat de reutilizare se remarc\u0103, f\u0103c\u00e2ndu-l o alternativ\u0103 foarte apreciat\u0103 \u00een solu\u021biile de sustenabilitate. C\u00e2nd este tratat corespunz\u0103tor, permite ob\u021binerea de noi resurse de utilizare infinit\u0103.<\/p>","protected":false},"excerpt":{"rendered":"<p>Jug izolat cu capacitate de 1.2 L. Fabricat din o\u021bel inoxidabil reciclat. Dispune de un sistem dual de b\u0103ut: cioc<\/p>","protected":false},"featured_media":142168,"comment_status":"open","ping_status":"closed","template":"","meta":[],"product_brand":[],"product_cat":[172],"product_tag":[],"class_list":{"0":"post-97362","1":"product","2":"type-product","3":"status-publish","4":"has-post-thumbnail","6":"product_cat-cani-borcane-si-thermosuri","8":"first","9":"instock","10":"shipping-taxable","11":"purchasable","12":"product-type-variable"},"_links":{"self":[{"href":"https:\/\/promis.ro\/ro\/wp-json\/wp\/v2\/product\/97362","targetHints":{"allow":["GET"]}}],"collection":[{"href":"https:\/\/promis.ro\/ro\/wp-json\/wp\/v2\/product"}],"about":[{"href":"https:\/\/promis.ro\/ro\/wp-json\/wp\/v2\/types\/product"}],"replies":[{"embeddable":true,"href":"https:\/\/promis.ro\/ro\/wp-json\/wp\/v2\/comments?post=97362"}],"version-history":[{"count":1,"href":"https:\/\/promis.ro\/ro\/wp-json\/wp\/v2\/product\/97362\/revisions"}],"predecessor-version":[{"id":112610,"href":"https:\/\/promis.ro\/ro\/wp-json\/wp\/v2\/product\/97362\/revisions\/112610"}],"wp:featuredmedia":[{"embeddable":true,"href":"https:\/\/promis.ro\/ro\/wp-json\/wp\/v2\/media\/142168"}],"wp:attachment":[{"href":"https:\/\/promis.ro\/ro\/wp-json\/wp\/v2\/media?parent=97362"}],"wp:term":[{"taxonomy":"product_brand","embeddable":true,"href":"https:\/\/promis.ro\/ro\/wp-json\/wp\/v2\/product_brand?post=97362"},{"taxonomy":"product_cat","embeddable":true,"href":"https:\/\/promis.ro\/ro\/wp-json\/wp\/v2\/product_cat?post=97362"},{"taxonomy":"product_tag","embeddable":true,"href":"https:\/\/promis.ro\/ro\/wp-json\/wp\/v2\/product_tag?post=97362"}],"curies":[{"name":"wp","href":"https:\/\/api.w.org\/{rel}","templated":true}]}}