{"id":98266,"date":"2025-11-04T23:47:00","date_gmt":"2025-11-04T23:47:00","guid":{"rendered":"https:\/\/promis.ro\/product\/chantir\/"},"modified":"2025-11-11T18:15:15","modified_gmt":"2025-11-11T18:15:15","slug":"chantir","status":"publish","type":"product","link":"https:\/\/promis.ro\/ro\/produs\/chantir\/","title":{"rendered":"Chantir"},"content":{"rendered":"<p>Can\u0103 Nature line cu capacitate de 400 ml. Fabricat\u0103 \u00een Europa din sticl\u0103 reciclat\u0103 cu certificare GRS (Global Recycled Standard) care confirm\u0103 originea reciclat\u0103 a materialului utilizat \u00een fabricarea produsului.<\/p>","protected":false},"excerpt":{"rendered":"<p>Can\u0103 Nature line cu capacitate de 400 ml. Fabricat\u0103 \u00een Europa din sticl\u0103 reciclat\u0103 cu certificare GRS (Global Recycled Standard)<\/p>","protected":false},"featured_media":144139,"comment_status":"open","ping_status":"closed","template":"","meta":[],"product_brand":[],"product_cat":[172],"product_tag":[],"class_list":{"0":"post-98266","1":"product","2":"type-product","3":"status-publish","4":"has-post-thumbnail","6":"product_cat-cani-borcane-si-thermosuri","8":"first","9":"instock","10":"shipping-taxable","11":"purchasable","12":"product-type-simple"},"_links":{"self":[{"href":"https:\/\/promis.ro\/ro\/wp-json\/wp\/v2\/product\/98266","targetHints":{"allow":["GET"]}}],"collection":[{"href":"https:\/\/promis.ro\/ro\/wp-json\/wp\/v2\/product"}],"about":[{"href":"https:\/\/promis.ro\/ro\/wp-json\/wp\/v2\/types\/product"}],"replies":[{"embeddable":true,"href":"https:\/\/promis.ro\/ro\/wp-json\/wp\/v2\/comments?post=98266"}],"version-history":[{"count":1,"href":"https:\/\/promis.ro\/ro\/wp-json\/wp\/v2\/product\/98266\/revisions"}],"predecessor-version":[{"id":112695,"href":"https:\/\/promis.ro\/ro\/wp-json\/wp\/v2\/product\/98266\/revisions\/112695"}],"wp:featuredmedia":[{"embeddable":true,"href":"https:\/\/promis.ro\/ro\/wp-json\/wp\/v2\/media\/144139"}],"wp:attachment":[{"href":"https:\/\/promis.ro\/ro\/wp-json\/wp\/v2\/media?parent=98266"}],"wp:term":[{"taxonomy":"product_brand","embeddable":true,"href":"https:\/\/promis.ro\/ro\/wp-json\/wp\/v2\/product_brand?post=98266"},{"taxonomy":"product_cat","embeddable":true,"href":"https:\/\/promis.ro\/ro\/wp-json\/wp\/v2\/product_cat?post=98266"},{"taxonomy":"product_tag","embeddable":true,"href":"https:\/\/promis.ro\/ro\/wp-json\/wp\/v2\/product_tag?post=98266"}],"curies":[{"name":"wp","href":"https:\/\/api.w.org\/{rel}","templated":true}]}}