{"id":98395,"date":"2025-11-04T23:48:04","date_gmt":"2025-11-04T23:48:04","guid":{"rendered":"https:\/\/promis.ro\/product\/muttley\/"},"modified":"2025-11-11T18:26:23","modified_gmt":"2025-11-11T18:26:23","slug":"muttley","status":"publish","type":"product","link":"https:\/\/promis.ro\/ro\/produs\/muttley\/","title":{"rendered":"Muttley"},"content":{"rendered":"<p>Guler reflectorizant pentru animale de companie din poliester rezistent \u0219i moale, \u00een tonuri str\u0103lucitoare. Cu curea de \u00eenchidere cu cataram\u0103 ajustabil\u0103 \u0219i accesoriu metalic pentru plimbare.<\/p>","protected":false},"excerpt":{"rendered":"<p>Guler reflectorizant pentru animale de companie din poliester rezistent \u0219i moale, \u00een tonuri str\u0103lucitoare. Cu curea de \u00eenchidere cu cataram\u0103<\/p>","protected":false},"featured_media":144416,"comment_status":"open","ping_status":"closed","template":"","meta":[],"product_brand":[],"product_cat":[183],"product_tag":[],"class_list":{"0":"post-98395","1":"product","2":"type-product","3":"status-publish","4":"has-post-thumbnail","6":"product_cat-produse-pentru-animale","8":"first","9":"outofstock","10":"shipping-taxable","11":"purchasable","12":"product-type-variable"},"_links":{"self":[{"href":"https:\/\/promis.ro\/ro\/wp-json\/wp\/v2\/product\/98395","targetHints":{"allow":["GET"]}}],"collection":[{"href":"https:\/\/promis.ro\/ro\/wp-json\/wp\/v2\/product"}],"about":[{"href":"https:\/\/promis.ro\/ro\/wp-json\/wp\/v2\/types\/product"}],"replies":[{"embeddable":true,"href":"https:\/\/promis.ro\/ro\/wp-json\/wp\/v2\/comments?post=98395"}],"version-history":[{"count":1,"href":"https:\/\/promis.ro\/ro\/wp-json\/wp\/v2\/product\/98395\/revisions"}],"predecessor-version":[{"id":112783,"href":"https:\/\/promis.ro\/ro\/wp-json\/wp\/v2\/product\/98395\/revisions\/112783"}],"wp:featuredmedia":[{"embeddable":true,"href":"https:\/\/promis.ro\/ro\/wp-json\/wp\/v2\/media\/144416"}],"wp:attachment":[{"href":"https:\/\/promis.ro\/ro\/wp-json\/wp\/v2\/media?parent=98395"}],"wp:term":[{"taxonomy":"product_brand","embeddable":true,"href":"https:\/\/promis.ro\/ro\/wp-json\/wp\/v2\/product_brand?post=98395"},{"taxonomy":"product_cat","embeddable":true,"href":"https:\/\/promis.ro\/ro\/wp-json\/wp\/v2\/product_cat?post=98395"},{"taxonomy":"product_tag","embeddable":true,"href":"https:\/\/promis.ro\/ro\/wp-json\/wp\/v2\/product_tag?post=98395"}],"curies":[{"name":"wp","href":"https:\/\/api.w.org\/{rel}","templated":true}]}}