{"id":98397,"date":"2025-11-04T23:48:05","date_gmt":"2025-11-04T23:48:05","guid":{"rendered":"https:\/\/promis.ro\/product\/flexi-2\/"},"modified":"2025-11-11T18:26:31","modified_gmt":"2025-11-11T18:26:31","slug":"flexi-2","status":"publish","type":"product","link":"https:\/\/promis.ro\/ro\/produs\/flexi-2\/","title":{"rendered":"Flexi"},"content":{"rendered":"<p>Creion extra lung, flexibil, cu finisaj lucios. Cu corp rotund \u0219i gum\u0103 de aceea\u0219i culoare. Disponibil \u00eentr-o gam\u0103 larg\u0103 de culori, cu mina neagr\u0103 \u0219i v\u00e2rful net\u0103iat.<\/p>","protected":false},"excerpt":{"rendered":"<p>Creion extra lung, flexibil, cu finisaj lucios. Cu corp rotund \u0219i gum\u0103 de aceea\u0219i culoare. Disponibil \u00eentr-o gam\u0103 larg\u0103 de<\/p>","protected":false},"featured_media":144421,"comment_status":"open","ping_status":"closed","template":"","meta":[],"product_brand":[],"product_cat":[175],"product_tag":[],"class_list":{"0":"post-98397","1":"product","2":"type-product","3":"status-publish","4":"has-post-thumbnail","6":"product_cat-scris","8":"first","9":"instock","10":"shipping-taxable","11":"purchasable","12":"product-type-variable"},"_links":{"self":[{"href":"https:\/\/promis.ro\/ro\/wp-json\/wp\/v2\/product\/98397","targetHints":{"allow":["GET"]}}],"collection":[{"href":"https:\/\/promis.ro\/ro\/wp-json\/wp\/v2\/product"}],"about":[{"href":"https:\/\/promis.ro\/ro\/wp-json\/wp\/v2\/types\/product"}],"replies":[{"embeddable":true,"href":"https:\/\/promis.ro\/ro\/wp-json\/wp\/v2\/comments?post=98397"}],"version-history":[{"count":1,"href":"https:\/\/promis.ro\/ro\/wp-json\/wp\/v2\/product\/98397\/revisions"}],"predecessor-version":[{"id":112780,"href":"https:\/\/promis.ro\/ro\/wp-json\/wp\/v2\/product\/98397\/revisions\/112780"}],"wp:featuredmedia":[{"embeddable":true,"href":"https:\/\/promis.ro\/ro\/wp-json\/wp\/v2\/media\/144421"}],"wp:attachment":[{"href":"https:\/\/promis.ro\/ro\/wp-json\/wp\/v2\/media?parent=98397"}],"wp:term":[{"taxonomy":"product_brand","embeddable":true,"href":"https:\/\/promis.ro\/ro\/wp-json\/wp\/v2\/product_brand?post=98397"},{"taxonomy":"product_cat","embeddable":true,"href":"https:\/\/promis.ro\/ro\/wp-json\/wp\/v2\/product_cat?post=98397"},{"taxonomy":"product_tag","embeddable":true,"href":"https:\/\/promis.ro\/ro\/wp-json\/wp\/v2\/product_tag?post=98397"}],"curies":[{"name":"wp","href":"https:\/\/api.w.org\/{rel}","templated":true}]}}