{"id":98398,"date":"2025-11-04T23:48:06","date_gmt":"2025-11-04T23:48:06","guid":{"rendered":"https:\/\/promis.ro\/product\/verse\/"},"modified":"2025-11-11T18:26:34","modified_gmt":"2025-11-11T18:26:34","slug":"verse","status":"publish","type":"product","link":"https:\/\/promis.ro\/ro\/produs\/verse\/","title":{"rendered":"Verse"},"content":{"rendered":"<p>Geant\u0103 pentru documente din poliester 600D, cu clapet\u0103 cu velcro \u0219i band\u0103 frontal\u0103 elegant\u0103 de culoare neagr\u0103. Cu m\u00e2nere de transport \u00eent\u0103rite \u0219i curea de um\u0103r ajustabil\u0103. \u00cen interior, buzunare pentru pixuri \u0219i hus\u0103 pentru smartphone din PVC cu func\u021bie tactil\u0103.<\/p>","protected":false},"excerpt":{"rendered":"<p>Geant\u0103 pentru documente din poliester 600D, cu clapet\u0103 cu velcro \u0219i band\u0103 frontal\u0103 elegant\u0103 de culoare neagr\u0103. Cu m\u00e2nere de<\/p>","protected":false},"featured_media":144422,"comment_status":"open","ping_status":"closed","template":"","meta":[],"product_brand":[],"product_cat":[171],"product_tag":[],"class_list":{"0":"post-98398","1":"product","2":"type-product","3":"status-publish","4":"has-post-thumbnail","6":"product_cat-birou-si-business","8":"first","9":"instock","10":"shipping-taxable","11":"purchasable","12":"product-type-variable"},"_links":{"self":[{"href":"https:\/\/promis.ro\/ro\/wp-json\/wp\/v2\/product\/98398","targetHints":{"allow":["GET"]}}],"collection":[{"href":"https:\/\/promis.ro\/ro\/wp-json\/wp\/v2\/product"}],"about":[{"href":"https:\/\/promis.ro\/ro\/wp-json\/wp\/v2\/types\/product"}],"replies":[{"embeddable":true,"href":"https:\/\/promis.ro\/ro\/wp-json\/wp\/v2\/comments?post=98398"}],"version-history":[{"count":1,"href":"https:\/\/promis.ro\/ro\/wp-json\/wp\/v2\/product\/98398\/revisions"}],"predecessor-version":[{"id":112788,"href":"https:\/\/promis.ro\/ro\/wp-json\/wp\/v2\/product\/98398\/revisions\/112788"}],"wp:featuredmedia":[{"embeddable":true,"href":"https:\/\/promis.ro\/ro\/wp-json\/wp\/v2\/media\/144422"}],"wp:attachment":[{"href":"https:\/\/promis.ro\/ro\/wp-json\/wp\/v2\/media?parent=98398"}],"wp:term":[{"taxonomy":"product_brand","embeddable":true,"href":"https:\/\/promis.ro\/ro\/wp-json\/wp\/v2\/product_brand?post=98398"},{"taxonomy":"product_cat","embeddable":true,"href":"https:\/\/promis.ro\/ro\/wp-json\/wp\/v2\/product_cat?post=98398"},{"taxonomy":"product_tag","embeddable":true,"href":"https:\/\/promis.ro\/ro\/wp-json\/wp\/v2\/product_tag?post=98398"}],"curies":[{"name":"wp","href":"https:\/\/api.w.org\/{rel}","templated":true}]}}