{"id":98399,"date":"2025-11-04T23:48:06","date_gmt":"2025-11-04T23:48:06","guid":{"rendered":"https:\/\/promis.ro\/product\/zubigol\/"},"modified":"2025-11-11T18:26:24","modified_gmt":"2025-11-11T18:26:24","slug":"zubigol","status":"publish","type":"product","link":"https:\/\/promis.ro\/ro\/produs\/zubigol\/","title":{"rendered":"Zubigol"},"content":{"rendered":"<p>Poart\u0103 pliabil\u0103 colorat\u0103 \u0219i distractiv\u0103, realizat\u0103 dintr-o combina\u021bie de nylon rezistent \u0219i plas\u0103. Cu geant\u0103 de transport confortabil\u0103 cu m\u00e2nere.<\/p>","protected":false},"excerpt":{"rendered":"<p>Poart\u0103 pliabil\u0103 colorat\u0103 \u0219i distractiv\u0103, realizat\u0103 dintr-o combina\u021bie de nylon rezistent \u0219i plas\u0103. Cu geant\u0103 de transport confortabil\u0103 cu m\u00e2nere.<\/p>","protected":false},"featured_media":144427,"comment_status":"open","ping_status":"closed","template":"","meta":[],"product_brand":[],"product_cat":[176],"product_tag":[],"class_list":{"0":"post-98399","1":"product","2":"type-product","3":"status-publish","4":"has-post-thumbnail","6":"product_cat-sport-si-aventura","8":"first","9":"instock","10":"shipping-taxable","11":"purchasable","12":"product-type-variable"},"_links":{"self":[{"href":"https:\/\/promis.ro\/ro\/wp-json\/wp\/v2\/product\/98399","targetHints":{"allow":["GET"]}}],"collection":[{"href":"https:\/\/promis.ro\/ro\/wp-json\/wp\/v2\/product"}],"about":[{"href":"https:\/\/promis.ro\/ro\/wp-json\/wp\/v2\/types\/product"}],"replies":[{"embeddable":true,"href":"https:\/\/promis.ro\/ro\/wp-json\/wp\/v2\/comments?post=98399"}],"version-history":[{"count":1,"href":"https:\/\/promis.ro\/ro\/wp-json\/wp\/v2\/product\/98399\/revisions"}],"predecessor-version":[{"id":112776,"href":"https:\/\/promis.ro\/ro\/wp-json\/wp\/v2\/product\/98399\/revisions\/112776"}],"wp:featuredmedia":[{"embeddable":true,"href":"https:\/\/promis.ro\/ro\/wp-json\/wp\/v2\/media\/144427"}],"wp:attachment":[{"href":"https:\/\/promis.ro\/ro\/wp-json\/wp\/v2\/media?parent=98399"}],"wp:term":[{"taxonomy":"product_brand","embeddable":true,"href":"https:\/\/promis.ro\/ro\/wp-json\/wp\/v2\/product_brand?post=98399"},{"taxonomy":"product_cat","embeddable":true,"href":"https:\/\/promis.ro\/ro\/wp-json\/wp\/v2\/product_cat?post=98399"},{"taxonomy":"product_tag","embeddable":true,"href":"https:\/\/promis.ro\/ro\/wp-json\/wp\/v2\/product_tag?post=98399"}],"curies":[{"name":"wp","href":"https:\/\/api.w.org\/{rel}","templated":true}]}}