{"id":98400,"date":"2025-11-04T23:48:07","date_gmt":"2025-11-04T23:48:07","guid":{"rendered":"https:\/\/promis.ro\/product\/tarea\/"},"modified":"2025-11-11T18:26:46","modified_gmt":"2025-11-11T18:26:46","slug":"tarea","status":"publish","type":"product","link":"https:\/\/promis.ro\/ro\/produs\/tarea\/","title":{"rendered":"Tarea"},"content":{"rendered":"<p>\u0218apc\u0103 cu 5 panouri din material de bumbac \u0219i band\u0103 reflectorizant\u0103 pe vizor \u0219i corp. Disponibil\u0103 \u00eentr-o gam\u0103 larg\u0103 de tonuri str\u0103lucitoare, cu g\u0103uri de ventila\u021bie brodate \u0219i \u00eenchidere ajustabil\u0103 cu velcro.<\/p>","protected":false},"excerpt":{"rendered":"<p>\u0218apc\u0103 cu 5 panouri din material de bumbac \u0219i band\u0103 reflectorizant\u0103 pe vizor \u0219i corp. Disponibil\u0103 \u00eentr-o gam\u0103 larg\u0103 de<\/p>","protected":false},"featured_media":144428,"comment_status":"open","ping_status":"closed","template":"","meta":[],"product_brand":[],"product_cat":[186],"product_tag":[],"class_list":{"0":"post-98400","1":"product","2":"type-product","3":"status-publish","4":"has-post-thumbnail","6":"product_cat-sepci-si-palarii","8":"first","9":"instock","10":"shipping-taxable","11":"purchasable","12":"product-type-variable"},"_links":{"self":[{"href":"https:\/\/promis.ro\/ro\/wp-json\/wp\/v2\/product\/98400","targetHints":{"allow":["GET"]}}],"collection":[{"href":"https:\/\/promis.ro\/ro\/wp-json\/wp\/v2\/product"}],"about":[{"href":"https:\/\/promis.ro\/ro\/wp-json\/wp\/v2\/types\/product"}],"replies":[{"embeddable":true,"href":"https:\/\/promis.ro\/ro\/wp-json\/wp\/v2\/comments?post=98400"}],"version-history":[{"count":1,"href":"https:\/\/promis.ro\/ro\/wp-json\/wp\/v2\/product\/98400\/revisions"}],"predecessor-version":[{"id":112791,"href":"https:\/\/promis.ro\/ro\/wp-json\/wp\/v2\/product\/98400\/revisions\/112791"}],"wp:featuredmedia":[{"embeddable":true,"href":"https:\/\/promis.ro\/ro\/wp-json\/wp\/v2\/media\/144428"}],"wp:attachment":[{"href":"https:\/\/promis.ro\/ro\/wp-json\/wp\/v2\/media?parent=98400"}],"wp:term":[{"taxonomy":"product_brand","embeddable":true,"href":"https:\/\/promis.ro\/ro\/wp-json\/wp\/v2\/product_brand?post=98400"},{"taxonomy":"product_cat","embeddable":true,"href":"https:\/\/promis.ro\/ro\/wp-json\/wp\/v2\/product_cat?post=98400"},{"taxonomy":"product_tag","embeddable":true,"href":"https:\/\/promis.ro\/ro\/wp-json\/wp\/v2\/product_tag?post=98400"}],"curies":[{"name":"wp","href":"https:\/\/api.w.org\/{rel}","templated":true}]}}