{"id":98403,"date":"2025-11-04T23:48:09","date_gmt":"2025-11-04T23:48:09","guid":{"rendered":"https:\/\/promis.ro\/product\/stilo\/"},"modified":"2025-11-11T18:26:34","modified_gmt":"2025-11-11T18:26:34","slug":"stilo","status":"publish","type":"product","link":"https:\/\/promis.ro\/ro\/produs\/stilo\/","title":{"rendered":"Stilo"},"content":{"rendered":"<p>Pai pai pai pliat pe h\u00e2rtie de o gam\u0103 variat\u0103 de tonuri str\u0103lucitoare.<\/p>","protected":false},"excerpt":{"rendered":"<p>Pai pai pai pliat pe h\u00e2rtie de o gam\u0103 variat\u0103 de tonuri str\u0103lucitoare.<\/p>","protected":false},"featured_media":144435,"comment_status":"open","ping_status":"closed","template":"","meta":[],"product_brand":[],"product_cat":[188],"product_tag":[],"class_list":{"0":"post-98403","1":"product","2":"type-product","3":"status-publish","4":"has-post-thumbnail","6":"product_cat-vara-si-plaja","8":"first","9":"instock","10":"shipping-taxable","11":"purchasable","12":"product-type-variable"},"_links":{"self":[{"href":"https:\/\/promis.ro\/ro\/wp-json\/wp\/v2\/product\/98403","targetHints":{"allow":["GET"]}}],"collection":[{"href":"https:\/\/promis.ro\/ro\/wp-json\/wp\/v2\/product"}],"about":[{"href":"https:\/\/promis.ro\/ro\/wp-json\/wp\/v2\/types\/product"}],"replies":[{"embeddable":true,"href":"https:\/\/promis.ro\/ro\/wp-json\/wp\/v2\/comments?post=98403"}],"version-history":[{"count":1,"href":"https:\/\/promis.ro\/ro\/wp-json\/wp\/v2\/product\/98403\/revisions"}],"predecessor-version":[{"id":112786,"href":"https:\/\/promis.ro\/ro\/wp-json\/wp\/v2\/product\/98403\/revisions\/112786"}],"wp:featuredmedia":[{"embeddable":true,"href":"https:\/\/promis.ro\/ro\/wp-json\/wp\/v2\/media\/144435"}],"wp:attachment":[{"href":"https:\/\/promis.ro\/ro\/wp-json\/wp\/v2\/media?parent=98403"}],"wp:term":[{"taxonomy":"product_brand","embeddable":true,"href":"https:\/\/promis.ro\/ro\/wp-json\/wp\/v2\/product_brand?post=98403"},{"taxonomy":"product_cat","embeddable":true,"href":"https:\/\/promis.ro\/ro\/wp-json\/wp\/v2\/product_cat?post=98403"},{"taxonomy":"product_tag","embeddable":true,"href":"https:\/\/promis.ro\/ro\/wp-json\/wp\/v2\/product_tag?post=98403"}],"curies":[{"name":"wp","href":"https:\/\/api.w.org\/{rel}","templated":true}]}}