{"id":98404,"date":"2025-11-04T23:48:09","date_gmt":"2025-11-04T23:48:09","guid":{"rendered":"https:\/\/promis.ro\/product\/zinko\/"},"modified":"2025-11-11T18:26:34","modified_gmt":"2025-11-11T18:26:34","slug":"zinko","status":"publish","type":"product","link":"https:\/\/promis.ro\/ro\/produs\/zinko\/","title":{"rendered":"Zinko"},"content":{"rendered":"<p>Bloc notes lipicios cu copert\u0103 t\u0103iat\u0103 la laser, cu atingere moale, din carton reciclat. 100 de note lipicioase mini.<\/p>","protected":false},"excerpt":{"rendered":"<p>Bloc notes lipicios cu copert\u0103 t\u0103iat\u0103 la laser, cu atingere moale, din carton reciclat. 100 de note lipicioase mini.<\/p>","protected":false},"featured_media":144439,"comment_status":"open","ping_status":"closed","template":"","meta":[],"product_brand":[],"product_cat":[197],"product_tag":[],"class_list":{"0":"post-98404","1":"product","2":"type-product","3":"status-publish","4":"has-post-thumbnail","6":"product_cat-articole-durabile","8":"first","9":"instock","10":"shipping-taxable","11":"purchasable","12":"product-type-variable"},"_links":{"self":[{"href":"https:\/\/promis.ro\/ro\/wp-json\/wp\/v2\/product\/98404","targetHints":{"allow":["GET"]}}],"collection":[{"href":"https:\/\/promis.ro\/ro\/wp-json\/wp\/v2\/product"}],"about":[{"href":"https:\/\/promis.ro\/ro\/wp-json\/wp\/v2\/types\/product"}],"replies":[{"embeddable":true,"href":"https:\/\/promis.ro\/ro\/wp-json\/wp\/v2\/comments?post=98404"}],"version-history":[{"count":1,"href":"https:\/\/promis.ro\/ro\/wp-json\/wp\/v2\/product\/98404\/revisions"}],"predecessor-version":[{"id":112778,"href":"https:\/\/promis.ro\/ro\/wp-json\/wp\/v2\/product\/98404\/revisions\/112778"}],"wp:featuredmedia":[{"embeddable":true,"href":"https:\/\/promis.ro\/ro\/wp-json\/wp\/v2\/media\/144439"}],"wp:attachment":[{"href":"https:\/\/promis.ro\/ro\/wp-json\/wp\/v2\/media?parent=98404"}],"wp:term":[{"taxonomy":"product_brand","embeddable":true,"href":"https:\/\/promis.ro\/ro\/wp-json\/wp\/v2\/product_brand?post=98404"},{"taxonomy":"product_cat","embeddable":true,"href":"https:\/\/promis.ro\/ro\/wp-json\/wp\/v2\/product_cat?post=98404"},{"taxonomy":"product_tag","embeddable":true,"href":"https:\/\/promis.ro\/ro\/wp-json\/wp\/v2\/product_tag?post=98404"}],"curies":[{"name":"wp","href":"https:\/\/api.w.org\/{rel}","templated":true}]}}