{"id":98405,"date":"2025-11-04T23:48:10","date_gmt":"2025-11-04T23:48:10","guid":{"rendered":"https:\/\/promis.ro\/product\/impex\/"},"modified":"2025-11-11T18:20:36","modified_gmt":"2025-11-11T18:20:36","slug":"impex","status":"publish","type":"product","link":"https:\/\/promis.ro\/ro\/produs\/impex\/","title":{"rendered":"Impex"},"content":{"rendered":"<p>Can\u0103 ceramic\u0103 de 370ml de culoare alb\u0103. Prezentat\u0103 \u00eentr-o cutie individual\u0103.<\/p>","protected":false},"excerpt":{"rendered":"<p>Can\u0103 ceramic\u0103 de 370ml de culoare alb\u0103. Prezentat\u0103 \u00eentr-o cutie individual\u0103.<\/p>","protected":false},"featured_media":144442,"comment_status":"open","ping_status":"closed","template":"","meta":[],"product_brand":[],"product_cat":[172],"product_tag":[],"class_list":{"0":"post-98405","1":"product","2":"type-product","3":"status-publish","4":"has-post-thumbnail","6":"product_cat-cani-borcane-si-thermosuri","8":"first","9":"instock","10":"shipping-taxable","11":"purchasable","12":"product-type-simple"},"_links":{"self":[{"href":"https:\/\/promis.ro\/ro\/wp-json\/wp\/v2\/product\/98405","targetHints":{"allow":["GET"]}}],"collection":[{"href":"https:\/\/promis.ro\/ro\/wp-json\/wp\/v2\/product"}],"about":[{"href":"https:\/\/promis.ro\/ro\/wp-json\/wp\/v2\/types\/product"}],"replies":[{"embeddable":true,"href":"https:\/\/promis.ro\/ro\/wp-json\/wp\/v2\/comments?post=98405"}],"version-history":[{"count":1,"href":"https:\/\/promis.ro\/ro\/wp-json\/wp\/v2\/product\/98405\/revisions"}],"predecessor-version":[{"id":112779,"href":"https:\/\/promis.ro\/ro\/wp-json\/wp\/v2\/product\/98405\/revisions\/112779"}],"wp:featuredmedia":[{"embeddable":true,"href":"https:\/\/promis.ro\/ro\/wp-json\/wp\/v2\/media\/144442"}],"wp:attachment":[{"href":"https:\/\/promis.ro\/ro\/wp-json\/wp\/v2\/media?parent=98405"}],"wp:term":[{"taxonomy":"product_brand","embeddable":true,"href":"https:\/\/promis.ro\/ro\/wp-json\/wp\/v2\/product_brand?post=98405"},{"taxonomy":"product_cat","embeddable":true,"href":"https:\/\/promis.ro\/ro\/wp-json\/wp\/v2\/product_cat?post=98405"},{"taxonomy":"product_tag","embeddable":true,"href":"https:\/\/promis.ro\/ro\/wp-json\/wp\/v2\/product_tag?post=98405"}],"curies":[{"name":"wp","href":"https:\/\/api.w.org\/{rel}","templated":true}]}}