{"id":98406,"date":"2025-11-04T23:48:10","date_gmt":"2025-11-04T23:48:10","guid":{"rendered":"https:\/\/promis.ro\/product\/hall\/"},"modified":"2025-11-11T18:26:40","modified_gmt":"2025-11-11T18:26:40","slug":"hall","status":"publish","type":"product","link":"https:\/\/promis.ro\/ro\/produs\/hall\/","title":{"rendered":"Hall"},"content":{"rendered":"<p>Pix mini cu mecanism de r\u0103sucire \u00een culori solide \u00eendr\u0103zne\u021be. Cu clip original supradimensionat \u0219i inel central de culoare argintie. Cerneal\u0103 albastr\u0103.<\/p>","protected":false},"excerpt":{"rendered":"<p>Pix mini cu mecanism de r\u0103sucire \u00een culori solide \u00eendr\u0103zne\u021be. Cu clip original supradimensionat \u0219i inel central de culoare argintie.<\/p>","protected":false},"featured_media":144445,"comment_status":"open","ping_status":"closed","template":"","meta":[],"product_brand":[],"product_cat":[172],"product_tag":[],"class_list":{"0":"post-98406","1":"product","2":"type-product","3":"status-publish","4":"has-post-thumbnail","6":"product_cat-cani-borcane-si-thermosuri","8":"first","9":"instock","10":"shipping-taxable","11":"purchasable","12":"product-type-variable"},"_links":{"self":[{"href":"https:\/\/promis.ro\/ro\/wp-json\/wp\/v2\/product\/98406","targetHints":{"allow":["GET"]}}],"collection":[{"href":"https:\/\/promis.ro\/ro\/wp-json\/wp\/v2\/product"}],"about":[{"href":"https:\/\/promis.ro\/ro\/wp-json\/wp\/v2\/types\/product"}],"replies":[{"embeddable":true,"href":"https:\/\/promis.ro\/ro\/wp-json\/wp\/v2\/comments?post=98406"}],"version-history":[{"count":1,"href":"https:\/\/promis.ro\/ro\/wp-json\/wp\/v2\/product\/98406\/revisions"}],"predecessor-version":[{"id":112787,"href":"https:\/\/promis.ro\/ro\/wp-json\/wp\/v2\/product\/98406\/revisions\/112787"}],"wp:featuredmedia":[{"embeddable":true,"href":"https:\/\/promis.ro\/ro\/wp-json\/wp\/v2\/media\/144445"}],"wp:attachment":[{"href":"https:\/\/promis.ro\/ro\/wp-json\/wp\/v2\/media?parent=98406"}],"wp:term":[{"taxonomy":"product_brand","embeddable":true,"href":"https:\/\/promis.ro\/ro\/wp-json\/wp\/v2\/product_brand?post=98406"},{"taxonomy":"product_cat","embeddable":true,"href":"https:\/\/promis.ro\/ro\/wp-json\/wp\/v2\/product_cat?post=98406"},{"taxonomy":"product_tag","embeddable":true,"href":"https:\/\/promis.ro\/ro\/wp-json\/wp\/v2\/product_tag?post=98406"}],"curies":[{"name":"wp","href":"https:\/\/api.w.org\/{rel}","templated":true}]}}