{"id":98408,"date":"2025-11-04T23:48:12","date_gmt":"2025-11-04T23:48:12","guid":{"rendered":"https:\/\/promis.ro\/product\/spook\/"},"modified":"2025-11-11T18:27:01","modified_gmt":"2025-11-11T18:27:01","slug":"spook","status":"publish","type":"product","link":"https:\/\/promis.ro\/ro\/produs\/spook\/","title":{"rendered":"Spook"},"content":{"rendered":"<p>Rucsac cu \u0219nur fabricat din poliester moale, disponibil \u00eentr-o gam\u0103 larg\u0103 de culori. Cu \u0219nururi auto\u00eenchiz\u0103toare negre, col\u021buri \u00eent\u0103rite din piele PU de culoare asortat\u0103 cu rucsacul \u0219i ochiuri metalice rezistente. Culoare special\u0103 alb\u0103 pentru branding prin sublimare.<\/p>","protected":false},"excerpt":{"rendered":"<p>Rucsac cu \u0219nur fabricat din poliester moale, disponibil \u00eentr-o gam\u0103 larg\u0103 de culori. Cu \u0219nururi auto\u00eenchiz\u0103toare negre, col\u021buri \u00eent\u0103rite din<\/p>","protected":false},"featured_media":144448,"comment_status":"open","ping_status":"closed","template":"","meta":[],"product_brand":[],"product_cat":[169],"product_tag":[],"class_list":{"0":"post-98408","1":"product","2":"type-product","3":"status-publish","4":"has-post-thumbnail","6":"product_cat-ghiozdane","8":"first","9":"instock","10":"shipping-taxable","11":"purchasable","12":"product-type-variable"},"_links":{"self":[{"href":"https:\/\/promis.ro\/ro\/wp-json\/wp\/v2\/product\/98408","targetHints":{"allow":["GET"]}}],"collection":[{"href":"https:\/\/promis.ro\/ro\/wp-json\/wp\/v2\/product"}],"about":[{"href":"https:\/\/promis.ro\/ro\/wp-json\/wp\/v2\/types\/product"}],"replies":[{"embeddable":true,"href":"https:\/\/promis.ro\/ro\/wp-json\/wp\/v2\/comments?post=98408"}],"version-history":[{"count":1,"href":"https:\/\/promis.ro\/ro\/wp-json\/wp\/v2\/product\/98408\/revisions"}],"predecessor-version":[{"id":112810,"href":"https:\/\/promis.ro\/ro\/wp-json\/wp\/v2\/product\/98408\/revisions\/112810"}],"wp:featuredmedia":[{"embeddable":true,"href":"https:\/\/promis.ro\/ro\/wp-json\/wp\/v2\/media\/144448"}],"wp:attachment":[{"href":"https:\/\/promis.ro\/ro\/wp-json\/wp\/v2\/media?parent=98408"}],"wp:term":[{"taxonomy":"product_brand","embeddable":true,"href":"https:\/\/promis.ro\/ro\/wp-json\/wp\/v2\/product_brand?post=98408"},{"taxonomy":"product_cat","embeddable":true,"href":"https:\/\/promis.ro\/ro\/wp-json\/wp\/v2\/product_cat?post=98408"},{"taxonomy":"product_tag","embeddable":true,"href":"https:\/\/promis.ro\/ro\/wp-json\/wp\/v2\/product_tag?post=98408"}],"curies":[{"name":"wp","href":"https:\/\/api.w.org\/{rel}","templated":true}]}}