{"id":98411,"date":"2025-11-04T23:48:13","date_gmt":"2025-11-04T23:48:13","guid":{"rendered":"https:\/\/promis.ro\/product\/margot\/"},"modified":"2025-11-11T18:27:08","modified_gmt":"2025-11-11T18:27:08","slug":"margot","status":"publish","type":"product","link":"https:\/\/promis.ro\/ro\/produs\/margot\/","title":{"rendered":"Margot"},"content":{"rendered":"<p>Can\u0103 ceramic\u0103 de 350ml \u00eentr-o gam\u0103 distractiv\u0103 \u0219i variat\u0103 de nuan\u021be str\u0103lucitoare. Prezentat\u0103 \u00eentr-o cutie individual\u0103.<\/p>","protected":false},"excerpt":{"rendered":"<p>Can\u0103 ceramic\u0103 de 350ml \u00eentr-o gam\u0103 distractiv\u0103 \u0219i variat\u0103 de nuan\u021be str\u0103lucitoare. Prezentat\u0103 \u00eentr-o cutie individual\u0103.<\/p>","protected":false},"featured_media":144462,"comment_status":"open","ping_status":"closed","template":"","meta":[],"product_brand":[],"product_cat":[172],"product_tag":[],"class_list":{"0":"post-98411","1":"product","2":"type-product","3":"status-publish","4":"has-post-thumbnail","6":"product_cat-cani-borcane-si-thermosuri","8":"first","9":"outofstock","10":"shipping-taxable","11":"purchasable","12":"product-type-variable"},"_links":{"self":[{"href":"https:\/\/promis.ro\/ro\/wp-json\/wp\/v2\/product\/98411","targetHints":{"allow":["GET"]}}],"collection":[{"href":"https:\/\/promis.ro\/ro\/wp-json\/wp\/v2\/product"}],"about":[{"href":"https:\/\/promis.ro\/ro\/wp-json\/wp\/v2\/types\/product"}],"replies":[{"embeddable":true,"href":"https:\/\/promis.ro\/ro\/wp-json\/wp\/v2\/comments?post=98411"}],"version-history":[{"count":1,"href":"https:\/\/promis.ro\/ro\/wp-json\/wp\/v2\/product\/98411\/revisions"}],"predecessor-version":[{"id":112790,"href":"https:\/\/promis.ro\/ro\/wp-json\/wp\/v2\/product\/98411\/revisions\/112790"}],"wp:featuredmedia":[{"embeddable":true,"href":"https:\/\/promis.ro\/ro\/wp-json\/wp\/v2\/media\/144462"}],"wp:attachment":[{"href":"https:\/\/promis.ro\/ro\/wp-json\/wp\/v2\/media?parent=98411"}],"wp:term":[{"taxonomy":"product_brand","embeddable":true,"href":"https:\/\/promis.ro\/ro\/wp-json\/wp\/v2\/product_brand?post=98411"},{"taxonomy":"product_cat","embeddable":true,"href":"https:\/\/promis.ro\/ro\/wp-json\/wp\/v2\/product_cat?post=98411"},{"taxonomy":"product_tag","embeddable":true,"href":"https:\/\/promis.ro\/ro\/wp-json\/wp\/v2\/product_tag?post=98411"}],"curies":[{"name":"wp","href":"https:\/\/api.w.org\/{rel}","templated":true}]}}