{"id":98415,"date":"2025-11-04T23:48:16","date_gmt":"2025-11-04T23:48:16","guid":{"rendered":"https:\/\/promis.ro\/product\/trico\/"},"modified":"2025-11-11T18:21:15","modified_gmt":"2025-11-11T18:21:15","slug":"trico","status":"publish","type":"product","link":"https:\/\/promis.ro\/ro\/produs\/trico\/","title":{"rendered":"Trico"},"content":{"rendered":"<p>Marker fluorescent original \u00een trei culori cu corp triunghiular \u00een finisaj alb lucios moale, special conceput pentru imprimarea digital\u0103 \u00een culori complete. Cu capace translucide \u00een culoare asortat\u0103 cu markerul.<\/p>","protected":false},"excerpt":{"rendered":"<p>Marker fluorescent original \u00een trei culori cu corp triunghiular \u00een finisaj alb lucios moale, special conceput pentru imprimarea digital\u0103 \u00een<\/p>","protected":false},"featured_media":144474,"comment_status":"open","ping_status":"closed","template":"","meta":[],"product_brand":[],"product_cat":[175],"product_tag":[],"class_list":{"0":"post-98415","1":"product","2":"type-product","3":"status-publish","4":"has-post-thumbnail","6":"product_cat-scris","8":"first","9":"instock","10":"shipping-taxable","11":"purchasable","12":"product-type-simple"},"_links":{"self":[{"href":"https:\/\/promis.ro\/ro\/wp-json\/wp\/v2\/product\/98415","targetHints":{"allow":["GET"]}}],"collection":[{"href":"https:\/\/promis.ro\/ro\/wp-json\/wp\/v2\/product"}],"about":[{"href":"https:\/\/promis.ro\/ro\/wp-json\/wp\/v2\/types\/product"}],"replies":[{"embeddable":true,"href":"https:\/\/promis.ro\/ro\/wp-json\/wp\/v2\/comments?post=98415"}],"version-history":[{"count":1,"href":"https:\/\/promis.ro\/ro\/wp-json\/wp\/v2\/product\/98415\/revisions"}],"predecessor-version":[{"id":112793,"href":"https:\/\/promis.ro\/ro\/wp-json\/wp\/v2\/product\/98415\/revisions\/112793"}],"wp:featuredmedia":[{"embeddable":true,"href":"https:\/\/promis.ro\/ro\/wp-json\/wp\/v2\/media\/144474"}],"wp:attachment":[{"href":"https:\/\/promis.ro\/ro\/wp-json\/wp\/v2\/media?parent=98415"}],"wp:term":[{"taxonomy":"product_brand","embeddable":true,"href":"https:\/\/promis.ro\/ro\/wp-json\/wp\/v2\/product_brand?post=98415"},{"taxonomy":"product_cat","embeddable":true,"href":"https:\/\/promis.ro\/ro\/wp-json\/wp\/v2\/product_cat?post=98415"},{"taxonomy":"product_tag","embeddable":true,"href":"https:\/\/promis.ro\/ro\/wp-json\/wp\/v2\/product_tag?post=98415"}],"curies":[{"name":"wp","href":"https:\/\/api.w.org\/{rel}","templated":true}]}}