{"id":98416,"date":"2025-11-04T23:48:16","date_gmt":"2025-11-04T23:48:16","guid":{"rendered":"https:\/\/promis.ro\/product\/mokai\/"},"modified":"2025-11-11T18:27:09","modified_gmt":"2025-11-11T18:27:09","slug":"mokai","status":"publish","type":"product","link":"https:\/\/promis.ro\/ro\/produs\/mokai\/","title":{"rendered":"Mokai"},"content":{"rendered":"<p>Folder cu design bicolor \u00een tonuri str\u0103lucitoare, din microfibr\u0103 moale, cu \u00eenchidere prin band\u0103 elastic\u0103. Interior \u00een culoare asortat\u0103 cu bloc de noti\u021be de 20 de foi goale, buzunar cu clapet\u0103, suporturi pentru carduri \u0219i suport pentru pix.<\/p>","protected":false},"excerpt":{"rendered":"<p>Folder cu design bicolor \u00een tonuri str\u0103lucitoare, din microfibr\u0103 moale, cu \u00eenchidere prin band\u0103 elastic\u0103. Interior \u00een culoare asortat\u0103 cu<\/p>","protected":false},"featured_media":144475,"comment_status":"open","ping_status":"closed","template":"","meta":[],"product_brand":[],"product_cat":[171],"product_tag":[],"class_list":{"0":"post-98416","1":"product","2":"type-product","3":"status-publish","4":"has-post-thumbnail","6":"product_cat-birou-si-business","8":"first","9":"instock","10":"shipping-taxable","11":"purchasable","12":"product-type-variable"},"_links":{"self":[{"href":"https:\/\/promis.ro\/ro\/wp-json\/wp\/v2\/product\/98416","targetHints":{"allow":["GET"]}}],"collection":[{"href":"https:\/\/promis.ro\/ro\/wp-json\/wp\/v2\/product"}],"about":[{"href":"https:\/\/promis.ro\/ro\/wp-json\/wp\/v2\/types\/product"}],"replies":[{"embeddable":true,"href":"https:\/\/promis.ro\/ro\/wp-json\/wp\/v2\/comments?post=98416"}],"version-history":[{"count":1,"href":"https:\/\/promis.ro\/ro\/wp-json\/wp\/v2\/product\/98416\/revisions"}],"predecessor-version":[{"id":112814,"href":"https:\/\/promis.ro\/ro\/wp-json\/wp\/v2\/product\/98416\/revisions\/112814"}],"wp:featuredmedia":[{"embeddable":true,"href":"https:\/\/promis.ro\/ro\/wp-json\/wp\/v2\/media\/144475"}],"wp:attachment":[{"href":"https:\/\/promis.ro\/ro\/wp-json\/wp\/v2\/media?parent=98416"}],"wp:term":[{"taxonomy":"product_brand","embeddable":true,"href":"https:\/\/promis.ro\/ro\/wp-json\/wp\/v2\/product_brand?post=98416"},{"taxonomy":"product_cat","embeddable":true,"href":"https:\/\/promis.ro\/ro\/wp-json\/wp\/v2\/product_cat?post=98416"},{"taxonomy":"product_tag","embeddable":true,"href":"https:\/\/promis.ro\/ro\/wp-json\/wp\/v2\/product_tag?post=98416"}],"curies":[{"name":"wp","href":"https:\/\/api.w.org\/{rel}","templated":true}]}}