{"id":98417,"date":"2025-11-04T23:48:21","date_gmt":"2025-11-04T23:48:21","guid":{"rendered":"https:\/\/promis.ro\/product\/konfer\/"},"modified":"2025-11-11T18:27:10","modified_gmt":"2025-11-11T18:27:10","slug":"konfer","status":"publish","type":"product","link":"https:\/\/promis.ro\/ro\/produs\/konfer\/","title":{"rendered":"Konfer"},"content":{"rendered":"<p>Geant\u0103 pentru documente cu \u00eenchidere cu fermoar, realizat\u0103 din poliester moale 600D, cu tonuri str\u0103lucitoare. Cu m\u00e2nere de transport \u00eent\u0103rite \u00een culoare asortat\u0103 \u0219i buzunar frontal pentru smartphone cu \u00eenchidere cu velcro.<\/p>","protected":false},"excerpt":{"rendered":"<p>Geant\u0103 pentru documente cu \u00eenchidere cu fermoar, realizat\u0103 din poliester moale 600D, cu tonuri str\u0103lucitoare. Cu m\u00e2nere de transport \u00eent\u0103rite<\/p>","protected":false},"featured_media":144476,"comment_status":"open","ping_status":"closed","template":"","meta":[],"product_brand":[],"product_cat":[171],"product_tag":[],"class_list":{"0":"post-98417","1":"product","2":"type-product","3":"status-publish","4":"has-post-thumbnail","6":"product_cat-birou-si-business","8":"first","9":"outofstock","10":"shipping-taxable","11":"purchasable","12":"product-type-variable"},"_links":{"self":[{"href":"https:\/\/promis.ro\/ro\/wp-json\/wp\/v2\/product\/98417","targetHints":{"allow":["GET"]}}],"collection":[{"href":"https:\/\/promis.ro\/ro\/wp-json\/wp\/v2\/product"}],"about":[{"href":"https:\/\/promis.ro\/ro\/wp-json\/wp\/v2\/types\/product"}],"replies":[{"embeddable":true,"href":"https:\/\/promis.ro\/ro\/wp-json\/wp\/v2\/comments?post=98417"}],"version-history":[{"count":1,"href":"https:\/\/promis.ro\/ro\/wp-json\/wp\/v2\/product\/98417\/revisions"}],"predecessor-version":[{"id":112800,"href":"https:\/\/promis.ro\/ro\/wp-json\/wp\/v2\/product\/98417\/revisions\/112800"}],"wp:featuredmedia":[{"embeddable":true,"href":"https:\/\/promis.ro\/ro\/wp-json\/wp\/v2\/media\/144476"}],"wp:attachment":[{"href":"https:\/\/promis.ro\/ro\/wp-json\/wp\/v2\/media?parent=98417"}],"wp:term":[{"taxonomy":"product_brand","embeddable":true,"href":"https:\/\/promis.ro\/ro\/wp-json\/wp\/v2\/product_brand?post=98417"},{"taxonomy":"product_cat","embeddable":true,"href":"https:\/\/promis.ro\/ro\/wp-json\/wp\/v2\/product_cat?post=98417"},{"taxonomy":"product_tag","embeddable":true,"href":"https:\/\/promis.ro\/ro\/wp-json\/wp\/v2\/product_tag?post=98417"}],"curies":[{"name":"wp","href":"https:\/\/api.w.org\/{rel}","templated":true}]}}