{"id":98418,"date":"2025-11-04T23:48:21","date_gmt":"2025-11-04T23:48:21","guid":{"rendered":"https:\/\/promis.ro\/product\/tucson\/"},"modified":"2025-11-11T18:27:04","modified_gmt":"2025-11-11T18:27:04","slug":"tucson","status":"publish","type":"product","link":"https:\/\/promis.ro\/ro\/produs\/tucson\/","title":{"rendered":"Tucson"},"content":{"rendered":"<p>Geant\u0103 netesut\u0103 de 100g\/m2, \u00eentr-o gam\u0103 variat\u0103 de nuan\u021be str\u0103lucitoare. Cu m\u00e2nere lungi de 70cm, de culoare neagr\u0103, cu laterale \u00eent\u0103rite \u0219i cus\u0103turi cu piping de aceea\u0219i culoare.<\/p>","protected":false},"excerpt":{"rendered":"<p>Geant\u0103 netesut\u0103 de 100g\/m2, \u00eentr-o gam\u0103 variat\u0103 de nuan\u021be str\u0103lucitoare. Cu m\u00e2nere lungi de 70cm, de culoare neagr\u0103, cu laterale<\/p>","protected":false},"featured_media":144479,"comment_status":"open","ping_status":"closed","template":"","meta":[],"product_brand":[],"product_cat":[174],"product_tag":[],"class_list":{"0":"post-98418","1":"product","2":"type-product","3":"status-publish","4":"has-post-thumbnail","6":"product_cat-pungi","8":"first","9":"instock","10":"shipping-taxable","11":"purchasable","12":"product-type-variable"},"_links":{"self":[{"href":"https:\/\/promis.ro\/ro\/wp-json\/wp\/v2\/product\/98418","targetHints":{"allow":["GET"]}}],"collection":[{"href":"https:\/\/promis.ro\/ro\/wp-json\/wp\/v2\/product"}],"about":[{"href":"https:\/\/promis.ro\/ro\/wp-json\/wp\/v2\/types\/product"}],"replies":[{"embeddable":true,"href":"https:\/\/promis.ro\/ro\/wp-json\/wp\/v2\/comments?post=98418"}],"version-history":[{"count":1,"href":"https:\/\/promis.ro\/ro\/wp-json\/wp\/v2\/product\/98418\/revisions"}],"predecessor-version":[{"id":112799,"href":"https:\/\/promis.ro\/ro\/wp-json\/wp\/v2\/product\/98418\/revisions\/112799"}],"wp:featuredmedia":[{"embeddable":true,"href":"https:\/\/promis.ro\/ro\/wp-json\/wp\/v2\/media\/144479"}],"wp:attachment":[{"href":"https:\/\/promis.ro\/ro\/wp-json\/wp\/v2\/media?parent=98418"}],"wp:term":[{"taxonomy":"product_brand","embeddable":true,"href":"https:\/\/promis.ro\/ro\/wp-json\/wp\/v2\/product_brand?post=98418"},{"taxonomy":"product_cat","embeddable":true,"href":"https:\/\/promis.ro\/ro\/wp-json\/wp\/v2\/product_cat?post=98418"},{"taxonomy":"product_tag","embeddable":true,"href":"https:\/\/promis.ro\/ro\/wp-json\/wp\/v2\/product_tag?post=98418"}],"curies":[{"name":"wp","href":"https:\/\/api.w.org\/{rel}","templated":true}]}}