{"id":98419,"date":"2025-11-04T23:48:22","date_gmt":"2025-11-04T23:48:22","guid":{"rendered":"https:\/\/promis.ro\/product\/geiser-2\/"},"modified":"2025-11-11T18:27:29","modified_gmt":"2025-11-11T18:27:29","slug":"geiser-2","status":"publish","type":"product","link":"https:\/\/promis.ro\/ro\/produs\/geiser-2\/","title":{"rendered":"Geiser"},"content":{"rendered":"<p>Geant\u0103 din material de bumbac, disponibil\u0103 \u00eentr-o gam\u0103 larg\u0103 de culori str\u0103lucitoare. Cu m\u00e2nere de 70 cm lungime \u0219i finisaj cusut. Rezisten\u021b\u0103 de p\u00e2n\u0103 la 7 kg greutate.<\/p>","protected":false},"excerpt":{"rendered":"<p>Geant\u0103 din material de bumbac, disponibil\u0103 \u00eentr-o gam\u0103 larg\u0103 de culori str\u0103lucitoare. Cu m\u00e2nere de 70 cm lungime \u0219i finisaj<\/p>","protected":false},"featured_media":144484,"comment_status":"open","ping_status":"closed","template":"","meta":[],"product_brand":[],"product_cat":[174],"product_tag":[],"class_list":{"0":"post-98419","1":"product","2":"type-product","3":"status-publish","4":"has-post-thumbnail","6":"product_cat-pungi","8":"first","9":"instock","10":"shipping-taxable","11":"purchasable","12":"product-type-variable"},"_links":{"self":[{"href":"https:\/\/promis.ro\/ro\/wp-json\/wp\/v2\/product\/98419","targetHints":{"allow":["GET"]}}],"collection":[{"href":"https:\/\/promis.ro\/ro\/wp-json\/wp\/v2\/product"}],"about":[{"href":"https:\/\/promis.ro\/ro\/wp-json\/wp\/v2\/types\/product"}],"replies":[{"embeddable":true,"href":"https:\/\/promis.ro\/ro\/wp-json\/wp\/v2\/comments?post=98419"}],"version-history":[{"count":1,"href":"https:\/\/promis.ro\/ro\/wp-json\/wp\/v2\/product\/98419\/revisions"}],"predecessor-version":[{"id":112802,"href":"https:\/\/promis.ro\/ro\/wp-json\/wp\/v2\/product\/98419\/revisions\/112802"}],"wp:featuredmedia":[{"embeddable":true,"href":"https:\/\/promis.ro\/ro\/wp-json\/wp\/v2\/media\/144484"}],"wp:attachment":[{"href":"https:\/\/promis.ro\/ro\/wp-json\/wp\/v2\/media?parent=98419"}],"wp:term":[{"taxonomy":"product_brand","embeddable":true,"href":"https:\/\/promis.ro\/ro\/wp-json\/wp\/v2\/product_brand?post=98419"},{"taxonomy":"product_cat","embeddable":true,"href":"https:\/\/promis.ro\/ro\/wp-json\/wp\/v2\/product_cat?post=98419"},{"taxonomy":"product_tag","embeddable":true,"href":"https:\/\/promis.ro\/ro\/wp-json\/wp\/v2\/product_tag?post=98419"}],"curies":[{"name":"wp","href":"https:\/\/api.w.org\/{rel}","templated":true}]}}