{"id":98420,"date":"2025-11-04T23:48:23","date_gmt":"2025-11-04T23:48:23","guid":{"rendered":"https:\/\/promis.ro\/product\/duxo\/"},"modified":"2025-11-11T18:27:15","modified_gmt":"2025-11-11T18:27:15","slug":"duxo","status":"publish","type":"product","link":"https:\/\/promis.ro\/ro\/produs\/duxo\/","title":{"rendered":"Duxo"},"content":{"rendered":"<p>Ring mininotebook \u00een culori atr\u0103g\u0103toare. Cu pix mini \u00een culoare asortat\u0103 pe copert\u0103. 60 de foi cu un layout \u00een dungi.<\/p>","protected":false},"excerpt":{"rendered":"<p>Ring mininotebook \u00een culori atr\u0103g\u0103toare. Cu pix mini \u00een culoare asortat\u0103 pe copert\u0103. 60 de foi cu un layout \u00een<\/p>","protected":false},"featured_media":144487,"comment_status":"open","ping_status":"closed","template":"","meta":[],"product_brand":[],"product_cat":[171],"product_tag":[],"class_list":{"0":"post-98420","1":"product","2":"type-product","3":"status-publish","4":"has-post-thumbnail","6":"product_cat-birou-si-business","8":"first","9":"instock","10":"shipping-taxable","11":"purchasable","12":"product-type-variable"},"_links":{"self":[{"href":"https:\/\/promis.ro\/ro\/wp-json\/wp\/v2\/product\/98420","targetHints":{"allow":["GET"]}}],"collection":[{"href":"https:\/\/promis.ro\/ro\/wp-json\/wp\/v2\/product"}],"about":[{"href":"https:\/\/promis.ro\/ro\/wp-json\/wp\/v2\/types\/product"}],"replies":[{"embeddable":true,"href":"https:\/\/promis.ro\/ro\/wp-json\/wp\/v2\/comments?post=98420"}],"version-history":[{"count":1,"href":"https:\/\/promis.ro\/ro\/wp-json\/wp\/v2\/product\/98420\/revisions"}],"predecessor-version":[{"id":112797,"href":"https:\/\/promis.ro\/ro\/wp-json\/wp\/v2\/product\/98420\/revisions\/112797"}],"wp:featuredmedia":[{"embeddable":true,"href":"https:\/\/promis.ro\/ro\/wp-json\/wp\/v2\/media\/144487"}],"wp:attachment":[{"href":"https:\/\/promis.ro\/ro\/wp-json\/wp\/v2\/media?parent=98420"}],"wp:term":[{"taxonomy":"product_brand","embeddable":true,"href":"https:\/\/promis.ro\/ro\/wp-json\/wp\/v2\/product_brand?post=98420"},{"taxonomy":"product_cat","embeddable":true,"href":"https:\/\/promis.ro\/ro\/wp-json\/wp\/v2\/product_cat?post=98420"},{"taxonomy":"product_tag","embeddable":true,"href":"https:\/\/promis.ro\/ro\/wp-json\/wp\/v2\/product_tag?post=98420"}],"curies":[{"name":"wp","href":"https:\/\/api.w.org\/{rel}","templated":true}]}}