{"id":98421,"date":"2025-11-04T23:48:23","date_gmt":"2025-11-04T23:48:23","guid":{"rendered":"https:\/\/promis.ro\/product\/teo\/"},"modified":"2025-11-11T18:21:41","modified_gmt":"2025-11-11T18:21:41","slug":"teo","status":"publish","type":"product","link":"https:\/\/promis.ro\/ro\/produs\/teo\/","title":{"rendered":"Teo"},"content":{"rendered":"<p>Poncho din PVC \u00eentr-o gam\u0103 distractiv\u0103 de tonuri str\u0103lucitoare. Cu br\u0103\u021b\u0103ri de \u00eenchidere pe laturi \u0219i finisaj sigilat termic. O m\u0103rime se potrive\u0219te tuturor pentru copii, cu dimensiuni de 90x64cm.<\/p>","protected":false},"excerpt":{"rendered":"<p>Poncho din PVC \u00eentr-o gam\u0103 distractiv\u0103 de tonuri str\u0103lucitoare. Cu br\u0103\u021b\u0103ri de \u00eenchidere pe laturi \u0219i finisaj sigilat termic. O<\/p>","protected":false},"featured_media":144492,"comment_status":"open","ping_status":"closed","template":"","meta":[],"product_brand":[],"product_cat":[193],"product_tag":[],"class_list":{"0":"post-98421","1":"product","2":"type-product","3":"status-publish","4":"has-post-thumbnail","6":"product_cat-ploaie-si-frig","8":"first","9":"instock","10":"shipping-taxable","11":"purchasable","12":"product-type-variable"},"_links":{"self":[{"href":"https:\/\/promis.ro\/ro\/wp-json\/wp\/v2\/product\/98421","targetHints":{"allow":["GET"]}}],"collection":[{"href":"https:\/\/promis.ro\/ro\/wp-json\/wp\/v2\/product"}],"about":[{"href":"https:\/\/promis.ro\/ro\/wp-json\/wp\/v2\/types\/product"}],"replies":[{"embeddable":true,"href":"https:\/\/promis.ro\/ro\/wp-json\/wp\/v2\/comments?post=98421"}],"version-history":[{"count":1,"href":"https:\/\/promis.ro\/ro\/wp-json\/wp\/v2\/product\/98421\/revisions"}],"predecessor-version":[{"id":112804,"href":"https:\/\/promis.ro\/ro\/wp-json\/wp\/v2\/product\/98421\/revisions\/112804"}],"wp:featuredmedia":[{"embeddable":true,"href":"https:\/\/promis.ro\/ro\/wp-json\/wp\/v2\/media\/144492"}],"wp:attachment":[{"href":"https:\/\/promis.ro\/ro\/wp-json\/wp\/v2\/media?parent=98421"}],"wp:term":[{"taxonomy":"product_brand","embeddable":true,"href":"https:\/\/promis.ro\/ro\/wp-json\/wp\/v2\/product_brand?post=98421"},{"taxonomy":"product_cat","embeddable":true,"href":"https:\/\/promis.ro\/ro\/wp-json\/wp\/v2\/product_cat?post=98421"},{"taxonomy":"product_tag","embeddable":true,"href":"https:\/\/promis.ro\/ro\/wp-json\/wp\/v2\/product_tag?post=98421"}],"curies":[{"name":"wp","href":"https:\/\/api.w.org\/{rel}","templated":true}]}}