{"id":98422,"date":"2025-11-04T23:48:24","date_gmt":"2025-11-04T23:48:24","guid":{"rendered":"https:\/\/promis.ro\/product\/irsan\/"},"modified":"2025-11-11T18:21:42","modified_gmt":"2025-11-11T18:21:42","slug":"irsan","status":"publish","type":"product","link":"https:\/\/promis.ro\/ro\/produs\/irsan\/","title":{"rendered":"Irsan"},"content":{"rendered":"<p>M\u0103su\u021b\u0103 din material de bumbac \u00eentr-o gam\u0103 larg\u0103 de tonuri str\u0103lucitoare.<\/p>","protected":false},"excerpt":{"rendered":"<p>M\u0103su\u021b\u0103 din material de bumbac \u00eentr-o gam\u0103 larg\u0103 de tonuri str\u0103lucitoare.<\/p>","protected":false},"featured_media":144494,"comment_status":"open","ping_status":"closed","template":"","meta":[],"product_brand":[],"product_cat":[201],"product_tag":[],"class_list":{"0":"post-98422","1":"product","2":"type-product","3":"status-publish","4":"has-post-thumbnail","6":"product_cat-outlet","8":"first","9":"instock","10":"shipping-taxable","11":"purchasable","12":"product-type-simple"},"_links":{"self":[{"href":"https:\/\/promis.ro\/ro\/wp-json\/wp\/v2\/product\/98422","targetHints":{"allow":["GET"]}}],"collection":[{"href":"https:\/\/promis.ro\/ro\/wp-json\/wp\/v2\/product"}],"about":[{"href":"https:\/\/promis.ro\/ro\/wp-json\/wp\/v2\/types\/product"}],"replies":[{"embeddable":true,"href":"https:\/\/promis.ro\/ro\/wp-json\/wp\/v2\/comments?post=98422"}],"version-history":[{"count":1,"href":"https:\/\/promis.ro\/ro\/wp-json\/wp\/v2\/product\/98422\/revisions"}],"predecessor-version":[{"id":112801,"href":"https:\/\/promis.ro\/ro\/wp-json\/wp\/v2\/product\/98422\/revisions\/112801"}],"wp:featuredmedia":[{"embeddable":true,"href":"https:\/\/promis.ro\/ro\/wp-json\/wp\/v2\/media\/144494"}],"wp:attachment":[{"href":"https:\/\/promis.ro\/ro\/wp-json\/wp\/v2\/media?parent=98422"}],"wp:term":[{"taxonomy":"product_brand","embeddable":true,"href":"https:\/\/promis.ro\/ro\/wp-json\/wp\/v2\/product_brand?post=98422"},{"taxonomy":"product_cat","embeddable":true,"href":"https:\/\/promis.ro\/ro\/wp-json\/wp\/v2\/product_cat?post=98422"},{"taxonomy":"product_tag","embeddable":true,"href":"https:\/\/promis.ro\/ro\/wp-json\/wp\/v2\/product_tag?post=98422"}],"curies":[{"name":"wp","href":"https:\/\/api.w.org\/{rel}","templated":true}]}}