{"id":98424,"date":"2025-11-04T23:48:25","date_gmt":"2025-11-04T23:48:25","guid":{"rendered":"https:\/\/promis.ro\/product\/austen\/"},"modified":"2025-11-11T18:27:15","modified_gmt":"2025-11-11T18:27:15","slug":"austen","status":"publish","type":"product","link":"https:\/\/promis.ro\/ro\/produs\/austen\/","title":{"rendered":"Austen"},"content":{"rendered":"<p>Geant\u0103 pliabil\u0103 din material ne\u021besut de 90g\/m2, \u00eentr-o gam\u0103 variat\u0103 de nuan\u021be str\u0103lucitoare. Cu m\u00e2nere medii de 56cm, clapet\u0103 cu \u00eenchidere cu buton de culoare asortat\u0103, col\u021buri \u00eent\u0103rite cu piping \u0219i finisaj cusut. Dimensiune mic\u0103 la pliere \u0219i rezisten\u021b\u0103 de p\u00e2n\u0103 la 9kg greutate.<\/p>","protected":false},"excerpt":{"rendered":"<p>Geant\u0103 pliabil\u0103 din material ne\u021besut de 90g\/m2, \u00eentr-o gam\u0103 variat\u0103 de nuan\u021be str\u0103lucitoare. Cu m\u00e2nere medii de 56cm, clapet\u0103 cu<\/p>","protected":false},"featured_media":144498,"comment_status":"open","ping_status":"closed","template":"","meta":[],"product_brand":[],"product_cat":[201],"product_tag":[],"class_list":{"0":"post-98424","1":"product","2":"type-product","3":"status-publish","4":"has-post-thumbnail","6":"product_cat-outlet","8":"first","9":"outofstock","10":"shipping-taxable","11":"purchasable","12":"product-type-variable"},"_links":{"self":[{"href":"https:\/\/promis.ro\/ro\/wp-json\/wp\/v2\/product\/98424","targetHints":{"allow":["GET"]}}],"collection":[{"href":"https:\/\/promis.ro\/ro\/wp-json\/wp\/v2\/product"}],"about":[{"href":"https:\/\/promis.ro\/ro\/wp-json\/wp\/v2\/types\/product"}],"replies":[{"embeddable":true,"href":"https:\/\/promis.ro\/ro\/wp-json\/wp\/v2\/comments?post=98424"}],"version-history":[{"count":1,"href":"https:\/\/promis.ro\/ro\/wp-json\/wp\/v2\/product\/98424\/revisions"}],"predecessor-version":[{"id":112811,"href":"https:\/\/promis.ro\/ro\/wp-json\/wp\/v2\/product\/98424\/revisions\/112811"}],"wp:featuredmedia":[{"embeddable":true,"href":"https:\/\/promis.ro\/ro\/wp-json\/wp\/v2\/media\/144498"}],"wp:attachment":[{"href":"https:\/\/promis.ro\/ro\/wp-json\/wp\/v2\/media?parent=98424"}],"wp:term":[{"taxonomy":"product_brand","embeddable":true,"href":"https:\/\/promis.ro\/ro\/wp-json\/wp\/v2\/product_brand?post=98424"},{"taxonomy":"product_cat","embeddable":true,"href":"https:\/\/promis.ro\/ro\/wp-json\/wp\/v2\/product_cat?post=98424"},{"taxonomy":"product_tag","embeddable":true,"href":"https:\/\/promis.ro\/ro\/wp-json\/wp\/v2\/product_tag?post=98424"}],"curies":[{"name":"wp","href":"https:\/\/api.w.org\/{rel}","templated":true}]}}