{"id":98969,"date":"2025-11-04T23:53:53","date_gmt":"2025-11-04T23:53:53","guid":{"rendered":"https:\/\/promis.ro\/product\/graf\/"},"modified":"2025-11-11T18:32:38","modified_gmt":"2025-11-11T18:32:38","slug":"graf","status":"publish","type":"product","link":"https:\/\/promis.ro\/ro\/produs\/graf\/","title":{"rendered":"Graf"},"content":{"rendered":"<p>Creion din lemn cu finisaj lucios. Tub hexagonal \u0219i design bicolor, cu cauciuc alb. Disponibil \u00eentr-o gam\u0103 larg\u0103 de culori, cu mina neagr\u0103 \u0219i v\u00e2rf ascu\u021bit.<\/p>","protected":false},"excerpt":{"rendered":"<p>Creion din lemn cu finisaj lucios. Tub hexagonal \u0219i design bicolor, cu cauciuc alb. Disponibil \u00eentr-o gam\u0103 larg\u0103 de culori,<\/p>","protected":false},"featured_media":145642,"comment_status":"open","ping_status":"closed","template":"","meta":[],"product_brand":[],"product_cat":[201],"product_tag":[],"class_list":{"0":"post-98969","1":"product","2":"type-product","3":"status-publish","4":"has-post-thumbnail","6":"product_cat-outlet","8":"first","9":"instock","10":"shipping-taxable","11":"purchasable","12":"product-type-simple"},"yoast_head":"<!-- This site is optimized with the Yoast SEO plugin v27.4 - https:\/\/yoast.com\/product\/yoast-seo-wordpress\/ -->\n<title>Graf - Promis.ro<\/title>\n<meta name=\"description\" content=\"Creion din lemn cu finisaj lucios. Tub hexagonal \u0219i design bicolor, cu cauciuc alb. Disponibil \u00eentr-o gam\u0103 larg\u0103 de culori, cu mina neagr\u0103 \u0219i v\u00e2rf ascu\u021bit.\" \/>\n<meta name=\"robots\" content=\"index, follow, max-snippet:-1, max-image-preview:large, max-video-preview:-1\" \/>\n<link rel=\"canonical\" href=\"https:\/\/promis.ro\/ro\/produs\/graf\/\" \/>\n<meta property=\"og:locale\" content=\"ro_RO\" \/>\n<meta property=\"og:type\" content=\"article\" \/>\n<meta property=\"og:title\" content=\"Graf - Promis.ro\" \/>\n<meta property=\"og:description\" content=\"Creion din lemn cu finisaj lucios. Tub hexagonal \u0219i design bicolor, cu cauciuc alb. Disponibil \u00eentr-o gam\u0103 larg\u0103 de culori, cu mina neagr\u0103 \u0219i v\u00e2rf ascu\u021bit.\" \/>\n<meta property=\"og:url\" content=\"https:\/\/promis.ro\/ro\/produs\/graf\/\" \/>\n<meta property=\"og:site_name\" content=\"Promis.ro\" \/>\n<meta property=\"article:modified_time\" content=\"2025-11-11T18:32:38+00:00\" \/>\n<meta property=\"og:image\" content=\"https:\/\/promis.ro\/wp-content\/uploads\/2025\/11\/3851-W-1.jpg\" \/>\n\t<meta property=\"og:image:width\" content=\"1080\" \/>\n\t<meta property=\"og:image:height\" content=\"1080\" \/>\n\t<meta property=\"og:image:type\" content=\"image\/jpeg\" \/>\n<meta name=\"twitter:card\" content=\"summary_large_image\" \/>\n<script type=\"application\/ld+json\" class=\"yoast-schema-graph\">{\"@context\":\"https:\\\/\\\/schema.org\",\"@graph\":[{\"@type\":\"WebPage\",\"@id\":\"https:\\\/\\\/promis.ro\\\/product\\\/graf\\\/\",\"url\":\"https:\\\/\\\/promis.ro\\\/product\\\/graf\\\/\",\"name\":\"Graf - Promis.ro\",\"isPartOf\":{\"@id\":\"https:\\\/\\\/promis.ro\\\/#website\"},\"primaryImageOfPage\":{\"@id\":\"https:\\\/\\\/promis.ro\\\/product\\\/graf\\\/#primaryimage\"},\"image\":{\"@id\":\"https:\\\/\\\/promis.ro\\\/product\\\/graf\\\/#primaryimage\"},\"thumbnailUrl\":\"https:\\\/\\\/promis.ro\\\/wp-content\\\/uploads\\\/2025\\\/11\\\/3851-W-1.jpg\",\"datePublished\":\"2025-11-04T23:53:53+00:00\",\"dateModified\":\"2025-11-11T18:32:38+00:00\",\"description\":\"Creion din lemn cu finisaj lucios. Tub hexagonal \u0219i design bicolor, cu cauciuc alb. Disponibil \u00eentr-o gam\u0103 larg\u0103 de culori, cu mina neagr\u0103 \u0219i v\u00e2rf ascu\u021bit.\",\"breadcrumb\":{\"@id\":\"https:\\\/\\\/promis.ro\\\/product\\\/graf\\\/#breadcrumb\"},\"inLanguage\":\"ro-RO\",\"potentialAction\":[{\"@type\":\"ReadAction\",\"target\":[\"https:\\\/\\\/promis.ro\\\/product\\\/graf\\\/\"]}]},{\"@type\":\"ImageObject\",\"inLanguage\":\"ro-RO\",\"@id\":\"https:\\\/\\\/promis.ro\\\/product\\\/graf\\\/#primaryimage\",\"url\":\"https:\\\/\\\/promis.ro\\\/wp-content\\\/uploads\\\/2025\\\/11\\\/3851-W-1.jpg\",\"contentUrl\":\"https:\\\/\\\/promis.ro\\\/wp-content\\\/uploads\\\/2025\\\/11\\\/3851-W-1.jpg\",\"width\":1080,\"height\":1080},{\"@type\":\"BreadcrumbList\",\"@id\":\"https:\\\/\\\/promis.ro\\\/product\\\/graf\\\/#breadcrumb\",\"itemListElement\":[{\"@type\":\"ListItem\",\"position\":1,\"name\":\"Home\",\"item\":\"https:\\\/\\\/promis.ro\\\/\"},{\"@type\":\"ListItem\",\"position\":2,\"name\":\"Magazin\",\"item\":\"https:\\\/\\\/promis.ro\\\/magazin\\\/\"},{\"@type\":\"ListItem\",\"position\":3,\"name\":\"Graf\"}]},{\"@type\":\"WebSite\",\"@id\":\"https:\\\/\\\/promis.ro\\\/#website\",\"url\":\"https:\\\/\\\/promis.ro\\\/\",\"name\":\"Promis.ro\",\"description\":\"\",\"potentialAction\":[{\"@type\":\"SearchAction\",\"target\":{\"@type\":\"EntryPoint\",\"urlTemplate\":\"https:\\\/\\\/promis.ro\\\/?s={search_term_string}\"},\"query-input\":{\"@type\":\"PropertyValueSpecification\",\"valueRequired\":true,\"valueName\":\"search_term_string\"}}],\"inLanguage\":\"ro-RO\"}]}<\/script>\n<!-- \/ Yoast SEO plugin. -->","yoast_head_json":{"title":"Graf - Promis.ro","description":"Creion din lemn cu finisaj lucios. Tub hexagonal \u0219i design bicolor, cu cauciuc alb. Disponibil \u00eentr-o gam\u0103 larg\u0103 de culori, cu mina neagr\u0103 \u0219i v\u00e2rf ascu\u021bit.","robots":{"index":"index","follow":"follow","max-snippet":"max-snippet:-1","max-image-preview":"max-image-preview:large","max-video-preview":"max-video-preview:-1"},"canonical":"https:\/\/promis.ro\/ro\/produs\/graf\/","og_locale":"ro_RO","og_type":"article","og_title":"Graf - Promis.ro","og_description":"Creion din lemn cu finisaj lucios. Tub hexagonal \u0219i design bicolor, cu cauciuc alb. Disponibil \u00eentr-o gam\u0103 larg\u0103 de culori, cu mina neagr\u0103 \u0219i v\u00e2rf ascu\u021bit.","og_url":"https:\/\/promis.ro\/ro\/produs\/graf\/","og_site_name":"Promis.ro","article_modified_time":"2025-11-11T18:32:38+00:00","og_image":[{"width":1080,"height":1080,"url":"https:\/\/promis.ro\/wp-content\/uploads\/2025\/11\/3851-W-1.jpg","type":"image\/jpeg"}],"twitter_card":"summary_large_image","schema":{"@context":"https:\/\/schema.org","@graph":[{"@type":"WebPage","@id":"https:\/\/promis.ro\/product\/graf\/","url":"https:\/\/promis.ro\/product\/graf\/","name":"Graf - Promis.ro","isPartOf":{"@id":"https:\/\/promis.ro\/#website"},"primaryImageOfPage":{"@id":"https:\/\/promis.ro\/product\/graf\/#primaryimage"},"image":{"@id":"https:\/\/promis.ro\/product\/graf\/#primaryimage"},"thumbnailUrl":"https:\/\/promis.ro\/wp-content\/uploads\/2025\/11\/3851-W-1.jpg","datePublished":"2025-11-04T23:53:53+00:00","dateModified":"2025-11-11T18:32:38+00:00","description":"Creion din lemn cu finisaj lucios. Tub hexagonal \u0219i design bicolor, cu cauciuc alb. Disponibil \u00eentr-o gam\u0103 larg\u0103 de culori, cu mina neagr\u0103 \u0219i v\u00e2rf ascu\u021bit.","breadcrumb":{"@id":"https:\/\/promis.ro\/product\/graf\/#breadcrumb"},"inLanguage":"ro-RO","potentialAction":[{"@type":"ReadAction","target":["https:\/\/promis.ro\/product\/graf\/"]}]},{"@type":"ImageObject","inLanguage":"ro-RO","@id":"https:\/\/promis.ro\/product\/graf\/#primaryimage","url":"https:\/\/promis.ro\/wp-content\/uploads\/2025\/11\/3851-W-1.jpg","contentUrl":"https:\/\/promis.ro\/wp-content\/uploads\/2025\/11\/3851-W-1.jpg","width":1080,"height":1080},{"@type":"BreadcrumbList","@id":"https:\/\/promis.ro\/product\/graf\/#breadcrumb","itemListElement":[{"@type":"ListItem","position":1,"name":"Home","item":"https:\/\/promis.ro\/"},{"@type":"ListItem","position":2,"name":"Magazin","item":"https:\/\/promis.ro\/magazin\/"},{"@type":"ListItem","position":3,"name":"Graf"}]},{"@type":"WebSite","@id":"https:\/\/promis.ro\/#website","url":"https:\/\/promis.ro\/","name":"Promis.ro","description":"","potentialAction":[{"@type":"SearchAction","target":{"@type":"EntryPoint","urlTemplate":"https:\/\/promis.ro\/?s={search_term_string}"},"query-input":{"@type":"PropertyValueSpecification","valueRequired":true,"valueName":"search_term_string"}}],"inLanguage":"ro-RO"}]}},"_links":{"self":[{"href":"https:\/\/promis.ro\/ro\/wp-json\/wp\/v2\/product\/98969","targetHints":{"allow":["GET"]}}],"collection":[{"href":"https:\/\/promis.ro\/ro\/wp-json\/wp\/v2\/product"}],"about":[{"href":"https:\/\/promis.ro\/ro\/wp-json\/wp\/v2\/types\/product"}],"replies":[{"embeddable":true,"href":"https:\/\/promis.ro\/ro\/wp-json\/wp\/v2\/comments?post=98969"}],"version-history":[{"count":1,"href":"https:\/\/promis.ro\/ro\/wp-json\/wp\/v2\/product\/98969\/revisions"}],"predecessor-version":[{"id":112920,"href":"https:\/\/promis.ro\/ro\/wp-json\/wp\/v2\/product\/98969\/revisions\/112920"}],"wp:featuredmedia":[{"embeddable":true,"href":"https:\/\/promis.ro\/ro\/wp-json\/wp\/v2\/media\/145642"}],"wp:attachment":[{"href":"https:\/\/promis.ro\/ro\/wp-json\/wp\/v2\/media?parent=98969"}],"wp:term":[{"taxonomy":"product_brand","embeddable":true,"href":"https:\/\/promis.ro\/ro\/wp-json\/wp\/v2\/product_brand?post=98969"},{"taxonomy":"product_cat","embeddable":true,"href":"https:\/\/promis.ro\/ro\/wp-json\/wp\/v2\/product_cat?post=98969"},{"taxonomy":"product_tag","embeddable":true,"href":"https:\/\/promis.ro\/ro\/wp-json\/wp\/v2\/product_tag?post=98969"}],"curies":[{"name":"wp","href":"https:\/\/api.w.org\/{rel}","templated":true}]}}