{"id":98976,"date":"2025-11-04T23:54:02","date_gmt":"2025-11-04T23:54:02","guid":{"rendered":"https:\/\/promis.ro\/product\/hydrus\/"},"modified":"2025-11-11T18:33:15","modified_gmt":"2025-11-11T18:33:15","slug":"hydrus","status":"publish","type":"product","link":"https:\/\/promis.ro\/ro\/produs\/hydrus\/","title":{"rendered":"Hydrus"},"content":{"rendered":"<p>Pelerin\u0103 de raincoat din EVA rezistent\u0103, cu finisaj termosudat, disponibil\u0103 \u00eentr-o gam\u0103 larg\u0103 de nuan\u021be. Glug\u0103 cu curele ajustabile, \u00eenchidere principal\u0103 cu nasture \u0219i buzunare laterale cu clapet\u0103. Un singur m\u0103rime se potrive\u0219te tuturor. Pentru adul\u021bi.<\/p>","protected":false},"excerpt":{"rendered":"<p>Pelerin\u0103 de raincoat din EVA rezistent\u0103, cu finisaj termosudat, disponibil\u0103 \u00eentr-o gam\u0103 larg\u0103 de nuan\u021be. Glug\u0103 cu curele ajustabile, \u00eenchidere<\/p>","protected":false},"featured_media":145666,"comment_status":"open","ping_status":"closed","template":"","meta":[],"product_brand":[],"product_cat":[193],"product_tag":[],"class_list":{"0":"post-98976","1":"product","2":"type-product","3":"status-publish","4":"has-post-thumbnail","6":"product_cat-ploaie-si-frig","8":"first","9":"instock","10":"shipping-taxable","11":"purchasable","12":"product-type-variable"},"_links":{"self":[{"href":"https:\/\/promis.ro\/ro\/wp-json\/wp\/v2\/product\/98976","targetHints":{"allow":["GET"]}}],"collection":[{"href":"https:\/\/promis.ro\/ro\/wp-json\/wp\/v2\/product"}],"about":[{"href":"https:\/\/promis.ro\/ro\/wp-json\/wp\/v2\/types\/product"}],"replies":[{"embeddable":true,"href":"https:\/\/promis.ro\/ro\/wp-json\/wp\/v2\/comments?post=98976"}],"version-history":[{"count":1,"href":"https:\/\/promis.ro\/ro\/wp-json\/wp\/v2\/product\/98976\/revisions"}],"predecessor-version":[{"id":112928,"href":"https:\/\/promis.ro\/ro\/wp-json\/wp\/v2\/product\/98976\/revisions\/112928"}],"wp:featuredmedia":[{"embeddable":true,"href":"https:\/\/promis.ro\/ro\/wp-json\/wp\/v2\/media\/145666"}],"wp:attachment":[{"href":"https:\/\/promis.ro\/ro\/wp-json\/wp\/v2\/media?parent=98976"}],"wp:term":[{"taxonomy":"product_brand","embeddable":true,"href":"https:\/\/promis.ro\/ro\/wp-json\/wp\/v2\/product_brand?post=98976"},{"taxonomy":"product_cat","embeddable":true,"href":"https:\/\/promis.ro\/ro\/wp-json\/wp\/v2\/product_cat?post=98976"},{"taxonomy":"product_tag","embeddable":true,"href":"https:\/\/promis.ro\/ro\/wp-json\/wp\/v2\/product_tag?post=98976"}],"curies":[{"name":"wp","href":"https:\/\/api.w.org\/{rel}","templated":true}]}}