{"id":98979,"date":"2025-11-04T23:54:04","date_gmt":"2025-11-04T23:54:04","guid":{"rendered":"https:\/\/promis.ro\/product\/bornel\/"},"modified":"2025-11-11T18:33:28","modified_gmt":"2025-11-11T18:33:28","slug":"bornel","status":"publish","type":"product","link":"https:\/\/promis.ro\/ro\/produs\/bornel\/","title":{"rendered":"Bornel"},"content":{"rendered":"<p>Can\u0103 ceramic\u0103 de 350ml. Design de culoare alb\u0103 dezvoltat special pentru branding prin sublimare, permi\u021b\u00e2nd imprimarea tuturor tipurilor de designuri \u00een culori complete. Fiecare can\u0103 este livrat\u0103 \u00eentr-o cutie individual\u0103 din kraft.<\/p>","protected":false},"excerpt":{"rendered":"<p>Can\u0103 ceramic\u0103 de 350ml. Design de culoare alb\u0103 dezvoltat special pentru branding prin sublimare, permi\u021b\u00e2nd imprimarea tuturor tipurilor de designuri<\/p>","protected":false},"featured_media":145679,"comment_status":"open","ping_status":"closed","template":"","meta":[],"product_brand":[],"product_cat":[190],"product_tag":[],"class_list":{"0":"post-98979","1":"product","2":"type-product","3":"status-publish","4":"has-post-thumbnail","6":"product_cat-linia-de-sublimare","8":"first","9":"instock","10":"shipping-taxable","11":"purchasable","12":"product-type-simple"},"_links":{"self":[{"href":"https:\/\/promis.ro\/ro\/wp-json\/wp\/v2\/product\/98979","targetHints":{"allow":["GET"]}}],"collection":[{"href":"https:\/\/promis.ro\/ro\/wp-json\/wp\/v2\/product"}],"about":[{"href":"https:\/\/promis.ro\/ro\/wp-json\/wp\/v2\/types\/product"}],"replies":[{"embeddable":true,"href":"https:\/\/promis.ro\/ro\/wp-json\/wp\/v2\/comments?post=98979"}],"version-history":[{"count":1,"href":"https:\/\/promis.ro\/ro\/wp-json\/wp\/v2\/product\/98979\/revisions"}],"predecessor-version":[{"id":112926,"href":"https:\/\/promis.ro\/ro\/wp-json\/wp\/v2\/product\/98979\/revisions\/112926"}],"wp:featuredmedia":[{"embeddable":true,"href":"https:\/\/promis.ro\/ro\/wp-json\/wp\/v2\/media\/145679"}],"wp:attachment":[{"href":"https:\/\/promis.ro\/ro\/wp-json\/wp\/v2\/media?parent=98979"}],"wp:term":[{"taxonomy":"product_brand","embeddable":true,"href":"https:\/\/promis.ro\/ro\/wp-json\/wp\/v2\/product_brand?post=98979"},{"taxonomy":"product_cat","embeddable":true,"href":"https:\/\/promis.ro\/ro\/wp-json\/wp\/v2\/product_cat?post=98979"},{"taxonomy":"product_tag","embeddable":true,"href":"https:\/\/promis.ro\/ro\/wp-json\/wp\/v2\/product_tag?post=98979"}],"curies":[{"name":"wp","href":"https:\/\/api.w.org\/{rel}","templated":true}]}}