{"id":99011,"date":"2025-11-04T23:54:28","date_gmt":"2025-11-04T23:54:28","guid":{"rendered":"https:\/\/promis.ro\/product\/leyco\/"},"modified":"2025-11-11T18:44:45","modified_gmt":"2025-11-11T18:44:45","slug":"leyco","status":"publish","type":"product","link":"https:\/\/promis.ro\/ro\/produs\/leyco\/","title":{"rendered":"Leyco"},"content":{"rendered":"<p>Rola de capot cu carcas\u0103 solid\u0103 moale \u00een culori calde. Cu accesorii de culoare argintie \u0219i v\u00e2rf cu finisaj transparent, clips metalic \u0219i cerneal\u0103 albastr\u0103.<\/p>","protected":false},"excerpt":{"rendered":"<p>Rola de capot cu carcas\u0103 solid\u0103 moale \u00een culori calde. Cu accesorii de culoare argintie \u0219i v\u00e2rf cu finisaj transparent,<\/p>","protected":false},"featured_media":146623,"comment_status":"open","ping_status":"closed","template":"","meta":[],"product_brand":[],"product_cat":[175],"product_tag":[],"class_list":{"0":"post-99011","1":"product","2":"type-product","3":"status-publish","4":"has-post-thumbnail","6":"product_cat-scris","8":"first","9":"instock","10":"shipping-taxable","11":"purchasable","12":"product-type-variable"},"_links":{"self":[{"href":"https:\/\/promis.ro\/ro\/wp-json\/wp\/v2\/product\/99011","targetHints":{"allow":["GET"]}}],"collection":[{"href":"https:\/\/promis.ro\/ro\/wp-json\/wp\/v2\/product"}],"about":[{"href":"https:\/\/promis.ro\/ro\/wp-json\/wp\/v2\/types\/product"}],"replies":[{"embeddable":true,"href":"https:\/\/promis.ro\/ro\/wp-json\/wp\/v2\/comments?post=99011"}],"version-history":[{"count":1,"href":"https:\/\/promis.ro\/ro\/wp-json\/wp\/v2\/product\/99011\/revisions"}],"predecessor-version":[{"id":112971,"href":"https:\/\/promis.ro\/ro\/wp-json\/wp\/v2\/product\/99011\/revisions\/112971"}],"wp:featuredmedia":[{"embeddable":true,"href":"https:\/\/promis.ro\/ro\/wp-json\/wp\/v2\/media\/146623"}],"wp:attachment":[{"href":"https:\/\/promis.ro\/ro\/wp-json\/wp\/v2\/media?parent=99011"}],"wp:term":[{"taxonomy":"product_brand","embeddable":true,"href":"https:\/\/promis.ro\/ro\/wp-json\/wp\/v2\/product_brand?post=99011"},{"taxonomy":"product_cat","embeddable":true,"href":"https:\/\/promis.ro\/ro\/wp-json\/wp\/v2\/product_cat?post=99011"},{"taxonomy":"product_tag","embeddable":true,"href":"https:\/\/promis.ro\/ro\/wp-json\/wp\/v2\/product_tag?post=99011"}],"curies":[{"name":"wp","href":"https:\/\/api.w.org\/{rel}","templated":true}]}}