{"id":99020,"date":"2025-11-04T23:54:33","date_gmt":"2025-11-04T23:54:33","guid":{"rendered":"https:\/\/promis.ro\/product\/thade\/"},"modified":"2025-11-11T18:44:44","modified_gmt":"2025-11-11T18:44:44","slug":"thade","status":"publish","type":"product","link":"https:\/\/promis.ro\/ro\/produs\/thade\/","title":{"rendered":"Thade"},"content":{"rendered":"<p>Set de 2 buc\u0103\u021bi forme de \u00eenghe\u021bat\u0103 \u00eentr-o gam\u0103 larg\u0103 de culori diferite. Cu m\u00e2ner confortabil \u0219i tav\u0103 de suport.<\/p>","protected":false},"excerpt":{"rendered":"<p>Set de 2 buc\u0103\u021bi forme de \u00eenghe\u021bat\u0103 \u00eentr-o gam\u0103 larg\u0103 de culori diferite. Cu m\u00e2ner confortabil \u0219i tav\u0103 de suport.<\/p>","protected":false},"featured_media":146651,"comment_status":"open","ping_status":"closed","template":"","meta":[],"product_brand":[],"product_cat":[201],"product_tag":[],"class_list":{"0":"post-99020","1":"product","2":"type-product","3":"status-publish","4":"has-post-thumbnail","6":"product_cat-outlet","8":"first","9":"instock","10":"shipping-taxable","11":"purchasable","12":"product-type-variable"},"_links":{"self":[{"href":"https:\/\/promis.ro\/ro\/wp-json\/wp\/v2\/product\/99020","targetHints":{"allow":["GET"]}}],"collection":[{"href":"https:\/\/promis.ro\/ro\/wp-json\/wp\/v2\/product"}],"about":[{"href":"https:\/\/promis.ro\/ro\/wp-json\/wp\/v2\/types\/product"}],"replies":[{"embeddable":true,"href":"https:\/\/promis.ro\/ro\/wp-json\/wp\/v2\/comments?post=99020"}],"version-history":[{"count":1,"href":"https:\/\/promis.ro\/ro\/wp-json\/wp\/v2\/product\/99020\/revisions"}],"predecessor-version":[{"id":112969,"href":"https:\/\/promis.ro\/ro\/wp-json\/wp\/v2\/product\/99020\/revisions\/112969"}],"wp:featuredmedia":[{"embeddable":true,"href":"https:\/\/promis.ro\/ro\/wp-json\/wp\/v2\/media\/146651"}],"wp:attachment":[{"href":"https:\/\/promis.ro\/ro\/wp-json\/wp\/v2\/media?parent=99020"}],"wp:term":[{"taxonomy":"product_brand","embeddable":true,"href":"https:\/\/promis.ro\/ro\/wp-json\/wp\/v2\/product_brand?post=99020"},{"taxonomy":"product_cat","embeddable":true,"href":"https:\/\/promis.ro\/ro\/wp-json\/wp\/v2\/product_cat?post=99020"},{"taxonomy":"product_tag","embeddable":true,"href":"https:\/\/promis.ro\/ro\/wp-json\/wp\/v2\/product_tag?post=99020"}],"curies":[{"name":"wp","href":"https:\/\/api.w.org\/{rel}","templated":true}]}}